{"id":139,"date":"2014-10-06T15:20:46","date_gmt":"2014-10-06T14:20:46","guid":{"rendered":"http:\/\/www.famille-dupuy.com\/cvwp\/?page_id=139"},"modified":"2022-03-09T15:19:25","modified_gmt":"2022-03-09T14:19:25","slug":"divers","status":"publish","type":"page","link":"https:\/\/cv.famille-dupuy.com\/?page_id=139","title":{"rendered":"Divers"},"content":{"rendered":"<p><a href=\"http:\/\/www.famille-dupuy.com\/cvwp\/wp-content\/uploads\/2014\/10\/photo_moto.jpg\"><img loading=\"lazy\" decoding=\"async\" width=\"720\" height=\"540\" class=\"alignleft  wp-image-233\" style=\"width: 230px; margin: 0 25px 0 0;\" src=\"http:\/\/www.famille-dupuy.com\/cvwp\/wp-content\/uploads\/2014\/10\/photo_moto.jpg\" alt=\"Triumph Sprint ST 955i\" srcset=\"https:\/\/cv.famille-dupuy.com\/wp-content\/uploads\/2014\/10\/photo_moto.jpg 720w, https:\/\/cv.famille-dupuy.com\/wp-content\/uploads\/2014\/10\/photo_moto-300x225.jpg 300w\" sizes=\"(max-width: 720px) 100vw, 720px\" \/><\/a><\/p>\n<p>Passionn\u00e9 de moto, j&rsquo;ai particip\u00e9 \u00e0 la <strong>cr\u00e9ation du moto-club Rock &amp; Road en 2000<\/strong> (<i>association Loi 1901<\/i>) en r\u00e9gion parisienne (91 Dourdan).<\/p>\n<p>&gt;&gt; Plus d&rsquo;informations : <a href=\"http:\/\/www.rockandroad.fr\">www.rockandroad.fr<\/a><\/p>\n<p><a href=\"http:\/\/www.famille-dupuy.com\/cvwp\/wp-content\/uploads\/2014\/10\/photo_concert.jpg\"><img loading=\"lazy\" decoding=\"async\" width=\"1068\" height=\"1600\" class=\"alignright  wp-image-232\" style=\"width: 140px; margin: 0 0 0 25px;\" src=\"http:\/\/www.famille-dupuy.com\/cvwp\/wp-content\/uploads\/2014\/10\/photo_concert.jpg\" alt=\"photo_concert\" srcset=\"https:\/\/cv.famille-dupuy.com\/wp-content\/uploads\/2014\/10\/photo_concert.jpg 1068w, https:\/\/cv.famille-dupuy.com\/wp-content\/uploads\/2014\/10\/photo_concert-200x300.jpg 200w, https:\/\/cv.famille-dupuy.com\/wp-content\/uploads\/2014\/10\/photo_concert-683x1024.jpg 683w\" sizes=\"(max-width: 1068px) 100vw, 1068px\" \/><\/a>Aussi souvent que possible, et en compl\u00e9ments de mes autres loisirs, <strong>je fais de la photo<\/strong> (paysages, concerts, portraits).<\/p>\n<p>&gt;&gt; Quelques exemples :\u00a0<a href=\"https:\/\/www.flickr.com\/photos\/zandorod\/sets\">Galerie Flickr<\/a><\/p>\n<p><strong><u><img loading=\"lazy\" decoding=\"async\" class=\"alignleft wp-image-302\" src=\"http:\/\/www.famille-dupuy.com\/cvwp\/wp-content\/uploads\/2020\/02\/20191215-escrime_ody-188x300.jpg\" alt=\"\" width=\"125\" height=\"200\" srcset=\"https:\/\/cv.famille-dupuy.com\/wp-content\/uploads\/2020\/02\/20191215-escrime_ody-188x300.jpg 188w, https:\/\/cv.famille-dupuy.com\/wp-content\/uploads\/2020\/02\/20191215-escrime_ody-641x1024.jpg 641w, https:\/\/cv.famille-dupuy.com\/wp-content\/uploads\/2020\/02\/20191215-escrime_ody.jpg 766w\" sizes=\"(max-width: 125px) 100vw, 125px\" \/>Activit\u00e9s sportives<\/u><\/strong> :<\/p>\n<ul>\n<li>Pratique de l&rsquo;escrime (fleuret \/ \u00e9p\u00e9e) depuis 2017 au sein du club d&rsquo;Escrime Pays de Lunel<\/li>\n<li>Sorties r\u00e9guli\u00e8res en VTT<\/li>\n<li>sports de glisse : snowboard, ski nautique<\/li>\n<\/ul>\n","protected":false},"excerpt":{"rendered":"<p>Passionn\u00e9 de moto, j&rsquo;ai particip\u00e9 \u00e0 la cr\u00e9ation du moto-club Rock &amp; Road en 2000 (association Loi 1901) en r\u00e9gion parisienne (91 Dourdan). &gt;&gt; Plus d&rsquo;informations : www.rockandroad.fr Aussi souvent que possible, et en compl\u00e9ments de mes autres loisirs, je fais de la photo (paysages, concerts, portraits). &gt;&gt; Quelques exemples :\u00a0Galerie Flickr Activit\u00e9s sportives : [&hellip;]<\/p>\n","protected":false},"author":1,"featured_media":0,"parent":0,"menu_order":0,"comment_status":"closed","ping_status":"open","template":"","meta":{"footnotes":""},"_links":{"self":[{"href":"https:\/\/cv.famille-dupuy.com\/index.php?rest_route=\/wp\/v2\/pages\/139"}],"collection":[{"href":"https:\/\/cv.famille-dupuy.com\/index.php?rest_route=\/wp\/v2\/pages"}],"about":[{"href":"https:\/\/cv.famille-dupuy.com\/index.php?rest_route=\/wp\/v2\/types\/page"}],"author":[{"embeddable":true,"href":"https:\/\/cv.famille-dupuy.com\/index.php?rest_route=\/wp\/v2\/users\/1"}],"replies":[{"embeddable":true,"href":"https:\/\/cv.famille-dupuy.com\/index.php?rest_route=%2Fwp%2Fv2%2Fcomments&post=139"}],"version-history":[{"count":19,"href":"https:\/\/cv.famille-dupuy.com\/index.php?rest_route=\/wp\/v2\/pages\/139\/revisions"}],"predecessor-version":[{"id":333,"href":"https:\/\/cv.famille-dupuy.com\/index.php?rest_route=\/wp\/v2\/pages\/139\/revisions\/333"}],"wp:attachment":[{"href":"https:\/\/cv.famille-dupuy.com\/index.php?rest_route=%2Fwp%2Fv2%2Fmedia&parent=139"}],"curies":[{"name":"wp","href":"https:\/\/api.w.org\/{rel}","templated":true}]}}