{"id":5,"date":"2014-09-22T13:00:53","date_gmt":"2014-09-22T12:00:53","guid":{"rendered":"http:\/\/www.famille-dupuy.com\/cvwp\/?page_id=5"},"modified":"2014-09-22T13:59:27","modified_gmt":"2014-09-22T12:59:27","slug":"presentation","status":"publish","type":"page","link":"https:\/\/cv.famille-dupuy.com\/?page_id=5","title":{"rendered":"Pr\u00e9sentation"},"content":{"rendered":"<p style=\"text-align: justify;\"><span style=\"font-family: helvetica; font-size: 12pt;\">Au d\u00e9part, orient\u00e9 vers les nouvelles technologies de l&rsquo;information, j&rsquo;ai construit mon exp\u00e9rience avec la r\u00e9alisation du 1er portail immobilier en France (nexdom.com) en 2000, la refonte compl\u00e8te du site web institutionnel de Faurecia en 2001 (prim\u00e9 meilleur site internet dans la cat\u00e9gorie des \u00e9quipementiers automobiles par Le Journal de l&rsquo;Automobile).<\/span><\/p>\n<p style=\"text-align: justify;\"><span style=\"font-family: helvetica; font-size: 12pt;\">S&rsquo;en est suivi le d\u00e9veloppement du site Internet du projet de construction de la BULAC (Biblioth\u00e8que Universitaire des Langues et Civilisations) ; exp\u00e9rience qui m&rsquo;a \u00e9galement men\u00e9 \u00e0 la gestion de parc informatique, la mise en place de r\u00e9seau, et l&rsquo;assistance aux utilisateurs.<\/span><\/p>\n<p style=\"text-align: justify;\"><span style=\"font-family: helvetica; font-size: 12pt;\">En 2004, apr\u00e8s avoir suivi une formation d&rsquo;administrateur de serveur Unix, j&rsquo;ai souhait\u00e9 m&rsquo;orienter vers le service informatique et en particulier l&rsquo;int\u00e9gration applicative Unix. Domaine qui me passionne et qui m&rsquo;a conduit aujourd&rsquo;hui \u00e0 l&rsquo;administration syst\u00e8me. <\/span><\/p>\n<p style=\"text-align: justify;\"><span style=\"font-family: helvetica; font-size: 12pt;\">Mes connaissances techniques me permettent d\u00e9sormais de participer \u00e0 l&rsquo;\u00e9tude et \u00e0 la mise en place des solutions techniques les plus adapt\u00e9es aux diff\u00e9rents projets.<\/span><\/p>\n<p style=\"text-align: justify;\"><span style=\"font-family: helvetica; font-size: 12pt;\">Parall\u00e8lement \u00e0 mon orientation professionelle tourn\u00e9e vers le syst\u00e8me, j&rsquo;ai toujours continu\u00e9 \u00e0 consid\u00e9rer les technologies web comme incontournables et compl\u00e9mentaires \u00e0 mon activit\u00e9. Par cons\u00e9quent, toute ma carri\u00e8re a \u00e9t\u00e9 ponctu\u00e9e de r\u00e9alisation de sites web publics ou d&rsquo;applications intranet diverses.<\/span><\/p>\n<p style=\"text-align: justify;\"><span style=\"font-family: helvetica; font-size: 12pt;\">Le d\u00e9tail des r\u00e9alisations publiques est visible dans la rubrique &lsquo;Sites Web&rsquo;.<\/span><\/p>\n<p style=\"text-align: justify;\"><span style=\"font-family: helvetica; font-size: 12pt;\">Vous souhaitez me rencontrer pour en discuter plus longuement ? <a href=\"http:\/\/www.famille-dupuy.com\/cv\/?rub=contact\">contactez-moi<\/a>.<\/span><\/p>\n<p style=\"text-align: justify;\"><strong><span style=\"font-family: helvetica; font-size: 12pt;\"><a href=\"http:\/\/www.famille-dupuy.com\/cvwp\/wp-content\/uploads\/2014\/09\/CV_Olivier_Dupuy.pdf\"><img decoding=\"async\" src=\"http:\/\/internetofeverything.cisco.com\/sites\/default\/files\/styles\/image_text_tile\/public\/link_tiles\/7_PDF_Marquee_0.png\" width=40 border=0 align=absmiddle>T\u00e9l\u00e9chargez mon CV au format PDF<\/a><\/span><\/strong><\/p>\n","protected":false},"excerpt":{"rendered":"<p>Au d\u00e9part, orient\u00e9 vers les nouvelles technologies de l&rsquo;information, j&rsquo;ai construit mon exp\u00e9rience avec la r\u00e9alisation du 1er portail immobilier en France (nexdom.com) en 2000, la refonte compl\u00e8te du site web institutionnel de Faurecia en 2001 (prim\u00e9 meilleur site internet dans la cat\u00e9gorie des \u00e9quipementiers automobiles par Le Journal de l&rsquo;Automobile). S&rsquo;en est suivi le [&hellip;]<\/p>\n","protected":false},"author":1,"featured_media":0,"parent":0,"menu_order":0,"comment_status":"closed","ping_status":"open","template":"","meta":{"footnotes":""},"_links":{"self":[{"href":"https:\/\/cv.famille-dupuy.com\/index.php?rest_route=\/wp\/v2\/pages\/5"}],"collection":[{"href":"https:\/\/cv.famille-dupuy.com\/index.php?rest_route=\/wp\/v2\/pages"}],"about":[{"href":"https:\/\/cv.famille-dupuy.com\/index.php?rest_route=\/wp\/v2\/types\/page"}],"author":[{"embeddable":true,"href":"https:\/\/cv.famille-dupuy.com\/index.php?rest_route=\/wp\/v2\/users\/1"}],"replies":[{"embeddable":true,"href":"https:\/\/cv.famille-dupuy.com\/index.php?rest_route=%2Fwp%2Fv2%2Fcomments&post=5"}],"version-history":[{"count":12,"href":"https:\/\/cv.famille-dupuy.com\/index.php?rest_route=\/wp\/v2\/pages\/5\/revisions"}],"predecessor-version":[{"id":37,"href":"https:\/\/cv.famille-dupuy.com\/index.php?rest_route=\/wp\/v2\/pages\/5\/revisions\/37"}],"wp:attachment":[{"href":"https:\/\/cv.famille-dupuy.com\/index.php?rest_route=%2Fwp%2Fv2%2Fmedia&parent=5"}],"curies":[{"name":"wp","href":"https:\/\/api.w.org\/{rel}","templated":true}]}}